{"id":3898,"date":"2017-04-23T06:14:22","date_gmt":"2017-04-23T10:14:22","guid":{"rendered":"http:\/\/dev.hardbacon.ca\/?page_id=3898\/"},"modified":"2020-01-15T11:21:20","modified_gmt":"2020-01-15T16:21:20","slug":"encyclopedie","status":"publish","type":"page","link":"https:\/\/env-hardbacon-dev.kinsta.cloud\/fr\/encyclopedie\/","title":{"rendered":"Encyclop\u00e9die"},"content":{"rendered":"[vc_row][vc_column][vc_wp_text][\/vc_wp_text][\/vc_column][\/vc_row]","protected":false},"excerpt":{"rendered":"<p>[vc_row][vc_column][vc_wp_text][\/vc_wp_text][\/vc_column][\/vc_row]<\/p>\n","protected":false},"author":146,"featured_media":0,"parent":0,"menu_order":0,"comment_status":"closed","ping_status":"closed","template":"","meta":{"_uag_custom_page_level_css":""},"acf":[],"yoast_head":"<!-- This site is optimized with the Yoast SEO Premium plugin v19.2.1 (Yoast SEO v19.14) - https:\/\/yoast.com\/wordpress\/plugins\/seo\/ -->\n<title>Encyclop\u00e9die - Hardbacon<\/title>\n<meta name=\"description\" content=\"Pour conna\u00eetre tous les termes n\u00e9cessaires afin de devenir un v\u00e9ritable expert financier et ne plus vous faire avoir\" \/>\n<meta name=\"robots\" content=\"noindex, follow, max-snippet:-1, max-image-preview:large, max-video-preview:-1\" \/>\n<meta property=\"og:locale\" content=\"fr_CA\" \/>\n<meta property=\"og:type\" content=\"article\" \/>\n<meta property=\"og:title\" content=\"Encyclop\u00e9die\" \/>\n<meta property=\"og:description\" content=\"Pour conna\u00eetre tous les termes n\u00e9cessaires afin de devenir un v\u00e9ritable expert financier et ne plus vous faire avoir\" \/>\n<meta property=\"og:url\" content=\"https:\/\/env-hardbacon-dev.kinsta.cloud\/fr\/encyclopedie\/\" \/>\n<meta property=\"og:site_name\" content=\"Hardbacon\" \/>\n<meta property=\"article:publisher\" content=\"https:\/\/www.facebook.com\/hardbaconca\" \/>\n<meta property=\"article:modified_time\" content=\"2020-01-15T16:21:20+00:00\" \/>\n<meta property=\"og:image\" content=\"https:\/\/env-hardbacon-dev.kinsta.cloud\/wp-content\/uploads\/2021\/04\/hardbacon-application-financiere.png\" \/>\n\t<meta property=\"og:image:width\" content=\"1079\" \/>\n\t<meta property=\"og:image:height\" content=\"1079\" \/>\n\t<meta property=\"og:image:type\" content=\"image\/png\" \/>\n<meta name=\"twitter:card\" content=\"summary_large_image\" \/>\n<meta name=\"twitter:site\" content=\"@hardbaconca\" \/>\n<!-- \/ Yoast SEO Premium plugin. -->","yoast_head_json":{"title":"Encyclop\u00e9die - Hardbacon","description":"Pour conna\u00eetre tous les termes n\u00e9cessaires afin de devenir un v\u00e9ritable expert financier et ne plus vous faire avoir","robots":{"index":"noindex","follow":"follow","max-snippet":"max-snippet:-1","max-image-preview":"max-image-preview:large","max-video-preview":"max-video-preview:-1"},"og_locale":"fr_CA","og_type":"article","og_title":"Encyclop\u00e9die","og_description":"Pour conna\u00eetre tous les termes n\u00e9cessaires afin de devenir un v\u00e9ritable expert financier et ne plus vous faire avoir","og_url":"https:\/\/env-hardbacon-dev.kinsta.cloud\/fr\/encyclopedie\/","og_site_name":"Hardbacon","article_publisher":"https:\/\/www.facebook.com\/hardbaconca","article_modified_time":"2020-01-15T16:21:20+00:00","og_image":[{"width":1079,"height":1079,"url":"https:\/\/env-hardbacon-dev.kinsta.cloud\/wp-content\/uploads\/2021\/04\/hardbacon-application-financiere.png","type":"image\/png"}],"twitter_card":"summary_large_image","twitter_site":"@hardbaconca","schema":{"@context":"https:\/\/schema.org","@graph":[{"@type":"WebPage","@id":"https:\/\/env-hardbacon-dev.kinsta.cloud\/fr\/encyclopedie\/","url":"https:\/\/env-hardbacon-dev.kinsta.cloud\/fr\/encyclopedie\/","name":"Encyclop\u00e9die - Hardbacon","isPartOf":{"@id":"https:\/\/env-hardbacon-dev.kinsta.cloud\/fr\/#website"},"datePublished":"2017-04-23T10:14:22+00:00","dateModified":"2020-01-15T16:21:20+00:00","description":"Pour conna\u00eetre tous les termes n\u00e9cessaires afin de devenir un v\u00e9ritable expert financier et ne plus vous faire avoir","inLanguage":"fr-CA","potentialAction":[{"@type":"ReadAction","target":["https:\/\/env-hardbacon-dev.kinsta.cloud\/fr\/encyclopedie\/"]}]},{"@type":"WebSite","@id":"https:\/\/env-hardbacon-dev.kinsta.cloud\/fr\/#website","url":"https:\/\/env-hardbacon-dev.kinsta.cloud\/fr\/","name":"Hardbacon","description":"Comparez les cartes de cr\u00e9dit, les courtiers en ligne et plus.","publisher":{"@id":"https:\/\/env-hardbacon-dev.kinsta.cloud\/fr\/#organization"},"potentialAction":[{"@type":"SearchAction","target":{"@type":"EntryPoint","urlTemplate":"https:\/\/env-hardbacon-dev.kinsta.cloud\/fr\/?s={search_term_string}"},"query-input":"required name=search_term_string"}],"inLanguage":"fr-CA"},{"@type":"Organization","@id":"https:\/\/env-hardbacon-dev.kinsta.cloud\/fr\/#organization","name":"Hardbacon","url":"https:\/\/env-hardbacon-dev.kinsta.cloud\/fr\/","logo":{"@type":"ImageObject","inLanguage":"fr-CA","@id":"https:\/\/env-hardbacon-dev.kinsta.cloud\/fr\/#\/schema\/logo\/image\/","url":"https:\/\/env-hardbacon-dev.kinsta.cloud\/wp-content\/uploads\/2021\/04\/hardbacon-application-financiere.png","contentUrl":"https:\/\/env-hardbacon-dev.kinsta.cloud\/wp-content\/uploads\/2021\/04\/hardbacon-application-financiere.png","width":1079,"height":1079,"caption":"Hardbacon"},"image":{"@id":"https:\/\/env-hardbacon-dev.kinsta.cloud\/fr\/#\/schema\/logo\/image\/"},"sameAs":["https:\/\/www.instagram.com\/hardbaconca\/","https:\/\/www.linkedin.com\/company\/hardbacon","https:\/\/www.pinterest.ca\/hardbaconca\/","https:\/\/www.facebook.com\/hardbaconca","https:\/\/twitter.com\/hardbaconca"]}]}},"uagb_featured_image_src":{"full":false,"thumbnail":false,"medium":false,"medium_large":false,"large":false,"1536x1536":false,"2048x2048":false,"ebor-admin-list-thumb":false},"uagb_author_info":{"display_name":"Erick Martz","author_link":"https:\/\/env-hardbacon-dev.kinsta.cloud\/fr\/author\/erick777\/"},"uagb_comment_info":0,"uagb_excerpt":"[vc_row][vc_column][vc_wp_text][\/vc_wp_text][\/vc_column][\/vc_row]","_links":{"self":[{"href":"https:\/\/env-hardbacon-dev.kinsta.cloud\/fr\/wp-json\/wp\/v2\/pages\/3898"}],"collection":[{"href":"https:\/\/env-hardbacon-dev.kinsta.cloud\/fr\/wp-json\/wp\/v2\/pages"}],"about":[{"href":"https:\/\/env-hardbacon-dev.kinsta.cloud\/fr\/wp-json\/wp\/v2\/types\/page"}],"author":[{"embeddable":true,"href":"https:\/\/env-hardbacon-dev.kinsta.cloud\/fr\/wp-json\/wp\/v2\/users\/146"}],"replies":[{"embeddable":true,"href":"https:\/\/env-hardbacon-dev.kinsta.cloud\/fr\/wp-json\/wp\/v2\/comments?post=3898"}],"version-history":[{"count":0,"href":"https:\/\/env-hardbacon-dev.kinsta.cloud\/fr\/wp-json\/wp\/v2\/pages\/3898\/revisions"}],"wp:attachment":[{"href":"https:\/\/env-hardbacon-dev.kinsta.cloud\/fr\/wp-json\/wp\/v2\/media?parent=3898"}],"curies":[{"name":"wp","href":"https:\/\/api.w.org\/{rel}","templated":true}]}}